{"id":12,"date":"2021-09-06T18:35:47","date_gmt":"2021-09-06T18:35:47","guid":{"rendered":"https:\/\/htoledo.cl\/?page_id=12"},"modified":"2021-09-06T20:10:48","modified_gmt":"2021-09-06T20:10:48","slug":"index","status":"publish","type":"page","link":"https:\/\/htoledo.cl\/","title":{"rendered":"index"},"content":{"rendered":"\t\t<div data-elementor-type=\"wp-page\" data-elementor-id=\"12\" class=\"elementor elementor-12\" data-elementor-post-type=\"page\">\n\t\t\t\t\t\t<section class=\"elementor-section elementor-top-section elementor-element elementor-element-63a671a8 elementor-section-boxed elementor-section-height-default elementor-section-height-default\" data-id=\"63a671a8\" data-element_type=\"section\" data-settings=\"{&quot;background_background&quot;:&quot;classic&quot;,&quot;shape_divider_bottom&quot;:&quot;mountains&quot;}\">\n\t\t\t\t\t\t\t<div class=\"elementor-background-overlay\"><\/div>\n\t\t\t\t\t\t<div class=\"elementor-shape elementor-shape-bottom\" aria-hidden=\"true\" data-negative=\"false\">\n\t\t\t<svg xmlns=\"http:\/\/www.w3.org\/2000\/svg\" viewBox=\"0 0 1000 100\" preserveAspectRatio=\"none\">\n\t<path class=\"elementor-shape-fill\" opacity=\"0.33\" d=\"M473,67.3c-203.9,88.3-263.1-34-320.3,0C66,119.1,0,59.7,0,59.7V0h1000v59.7 c0,0-62.1,26.1-94.9,29.3c-32.8,3.3-62.8-12.3-75.8-22.1C806,49.6,745.3,8.7,694.9,4.7S492.4,59,473,67.3z\"\/>\n\t<path class=\"elementor-shape-fill\" opacity=\"0.66\" d=\"M734,67.3c-45.5,0-77.2-23.2-129.1-39.1c-28.6-8.7-150.3-10.1-254,39.1 s-91.7-34.4-149.2,0C115.7,118.3,0,39.8,0,39.8V0h1000v36.5c0,0-28.2-18.5-92.1-18.5C810.2,18.1,775.7,67.3,734,67.3z\"\/>\n\t<path class=\"elementor-shape-fill\" d=\"M766.1,28.9c-200-57.5-266,65.5-395.1,19.5C242,1.8,242,5.4,184.8,20.6C128,35.8,132.3,44.9,89.9,52.5C28.6,63.7,0,0,0,0 h1000c0,0-9.9,40.9-83.6,48.1S829.6,47,766.1,28.9z\"\/>\n<\/svg>\t\t<\/div>\n\t\t\t\t\t<div class=\"elementor-container elementor-column-gap-default\">\n\t\t\t\t\t<div class=\"elementor-column elementor-col-100 elementor-top-column elementor-element elementor-element-37bb8744\" data-id=\"37bb8744\" data-element_type=\"column\">\n\t\t\t<div class=\"elementor-widget-wrap elementor-element-populated\">\n\t\t\t\t\t\t<div class=\"elementor-element elementor-element-24f8741 elementor-widget elementor-widget-spacer\" data-id=\"24f8741\" data-element_type=\"widget\" data-widget_type=\"spacer.default\">\n\t\t\t\t<div class=\"elementor-widget-container\">\n\t\t\t\t\t\t\t<div class=\"elementor-spacer\">\n\t\t\t<div class=\"elementor-spacer-inner\"><\/div>\n\t\t<\/div>\n\t\t\t\t\t\t<\/div>\n\t\t\t\t<\/div>\n\t\t\t\t<div class=\"elementor-element elementor-element-3235034f elementor-widget elementor-widget-heading\" data-id=\"3235034f\" data-element_type=\"widget\" data-widget_type=\"heading.default\">\n\t\t\t\t<div class=\"elementor-widget-container\">\n\t\t\t\t\t<h1 class=\"elementor-heading-title elementor-size-default\">Una de nuestras mayores ventajas como HIDR\u00c1ULICA TOLEDO, es que podemos atender sus necesidades en el momento que sea y con la urgencia que requiera, ya que contamos con una maestranza moderna y eficiente que est\u00e1 disponible.<\/h1>\t\t\t\t<\/div>\n\t\t\t\t<\/div>\n\t\t\t\t\t<\/div>\n\t\t<\/div>\n\t\t\t\t\t<\/div>\n\t\t<\/section>\n\t\t\t\t<section class=\"elementor-section elementor-top-section elementor-element elementor-element-6977b045 elementor-section-content-middle elementor-section-boxed elementor-section-height-default elementor-section-height-default\" data-id=\"6977b045\" data-element_type=\"section\">\n\t\t\t\t\t\t<div class=\"elementor-container elementor-column-gap-no\">\n\t\t\t\t\t<div class=\"elementor-column elementor-col-100 elementor-top-column elementor-element elementor-element-684a42c9\" data-id=\"684a42c9\" data-element_type=\"column\">\n\t\t\t<div class=\"elementor-widget-wrap elementor-element-populated\">\n\t\t\t\t\t\t<div class=\"elementor-element elementor-element-4654237e elementor-widget elementor-widget-heading\" data-id=\"4654237e\" data-element_type=\"widget\" data-widget_type=\"heading.default\">\n\t\t\t\t<div class=\"elementor-widget-container\">\n\t\t\t\t\t<h4 class=\"elementor-heading-title elementor-size-default\">Reparaci\u00f3n de Cilindros Hidr\u00e1ulicos<\/h4>\t\t\t\t<\/div>\n\t\t\t\t<\/div>\n\t\t\t\t<div class=\"elementor-element elementor-element-51e04e56 gallery-spacing-custom elementor-widget elementor-widget-image-gallery\" data-id=\"51e04e56\" data-element_type=\"widget\" data-widget_type=\"image-gallery.default\">\n\t\t\t\t<div class=\"elementor-widget-container\">\n\t\t\t\t\t\t\t<div class=\"elementor-image-gallery\">\n\t\t\t<div id='gallery-1' class='gallery galleryid-12 gallery-columns-3 gallery-size-medium'><figure class='gallery-item'>\n\t\t\t<div class='gallery-icon landscape'>\n\t\t\t\t<a data-elementor-open-lightbox=\"yes\" data-elementor-lightbox-slideshow=\"51e04e56\" data-elementor-lightbox-title=\"Factory-Customization-Engineering-Hydraulic-Cylinders\" data-e-action-hash=\"#elementor-action%3Aaction%3Dlightbox%26settings%3DeyJpZCI6MTU3LCJ1cmwiOiJodHRwczpcL1wvaHRvbGVkby5jbFwvd3AtY29udGVudFwvdXBsb2Fkc1wvMjAyMVwvMDlcL0ZhY3RvcnktQ3VzdG9taXphdGlvbi1FbmdpbmVlcmluZy1IeWRyYXVsaWMtQ3lsaW5kZXJzLTEuanBnIiwic2xpZGVzaG93IjoiNTFlMDRlNTYifQ%3D%3D\" href='https:\/\/htoledo.cl\/wp-content\/uploads\/2021\/09\/Factory-Customization-Engineering-Hydraulic-Cylinders-1.jpg'><img fetchpriority=\"high\" decoding=\"async\" width=\"300\" height=\"288\" src=\"https:\/\/htoledo.cl\/wp-content\/uploads\/2021\/09\/Factory-Customization-Engineering-Hydraulic-Cylinders-1-300x288.jpg\" class=\"attachment-medium size-medium\" alt=\"\" srcset=\"https:\/\/htoledo.cl\/wp-content\/uploads\/2021\/09\/Factory-Customization-Engineering-Hydraulic-Cylinders-1-300x288.jpg 300w, https:\/\/htoledo.cl\/wp-content\/uploads\/2021\/09\/Factory-Customization-Engineering-Hydraulic-Cylinders-1.jpg 475w\" sizes=\"(max-width: 300px) 100vw, 300px\" style=\"width:100%;height:96%;max-width:475px;\" \/><\/a>\n\t\t\t<\/div><\/figure><figure class='gallery-item'>\n\t\t\t<div class='gallery-icon landscape'>\n\t\t\t\t<a data-elementor-open-lightbox=\"yes\" data-elementor-lightbox-slideshow=\"51e04e56\" data-elementor-lightbox-title=\"gallery-7\" data-e-action-hash=\"#elementor-action%3Aaction%3Dlightbox%26settings%3DeyJpZCI6MTU4LCJ1cmwiOiJodHRwczpcL1wvaHRvbGVkby5jbFwvd3AtY29udGVudFwvdXBsb2Fkc1wvMjAyMVwvMDlcL2dhbGxlcnktNy0xLmpwZyIsInNsaWRlc2hvdyI6IjUxZTA0ZTU2In0%3D\" href='https:\/\/htoledo.cl\/wp-content\/uploads\/2021\/09\/gallery-7-1.jpg'><img decoding=\"async\" width=\"300\" height=\"173\" src=\"https:\/\/htoledo.cl\/wp-content\/uploads\/2021\/09\/gallery-7-1-300x173.jpg\" class=\"attachment-medium size-medium\" alt=\"\" srcset=\"https:\/\/htoledo.cl\/wp-content\/uploads\/2021\/09\/gallery-7-1-300x173.jpg 300w, https:\/\/htoledo.cl\/wp-content\/uploads\/2021\/09\/gallery-7-1-768x444.jpg 768w, https:\/\/htoledo.cl\/wp-content\/uploads\/2021\/09\/gallery-7-1.jpg 976w\" sizes=\"(max-width: 300px) 100vw, 300px\" style=\"width:100%;height:57.79%;max-width:976px;\" \/><\/a>\n\t\t\t<\/div><\/figure><figure class='gallery-item'>\n\t\t\t<div class='gallery-icon landscape'>\n\t\t\t\t<a data-elementor-open-lightbox=\"yes\" data-elementor-lightbox-slideshow=\"51e04e56\" data-elementor-lightbox-title=\"unnamed\" data-e-action-hash=\"#elementor-action%3Aaction%3Dlightbox%26settings%3DeyJpZCI6MTYxLCJ1cmwiOiJodHRwczpcL1wvaHRvbGVkby5jbFwvd3AtY29udGVudFwvdXBsb2Fkc1wvMjAyMVwvMDlcL3VubmFtZWQtMS5qcGciLCJzbGlkZXNob3ciOiI1MWUwNGU1NiJ9\" href='https:\/\/htoledo.cl\/wp-content\/uploads\/2021\/09\/unnamed-1.jpg'><img decoding=\"async\" width=\"300\" height=\"225\" src=\"https:\/\/htoledo.cl\/wp-content\/uploads\/2021\/09\/unnamed-1-300x225.jpg\" class=\"attachment-medium size-medium\" alt=\"\" srcset=\"https:\/\/htoledo.cl\/wp-content\/uploads\/2021\/09\/unnamed-1-300x225.jpg 300w, https:\/\/htoledo.cl\/wp-content\/uploads\/2021\/09\/unnamed-1.jpg 512w\" sizes=\"(max-width: 300px) 100vw, 300px\" style=\"width:100%;height:75%;max-width:512px;\" \/><\/a>\n\t\t\t<\/div><\/figure><figure class='gallery-item'>\n\t\t\t<div class='gallery-icon portrait'>\n\t\t\t\t<a data-elementor-open-lightbox=\"yes\" data-elementor-lightbox-slideshow=\"51e04e56\" data-elementor-lightbox-title=\"hydraulik-und-gelber-traktor-der-kraftstoffanlage-100577145\" data-e-action-hash=\"#elementor-action%3Aaction%3Dlightbox%26settings%3DeyJpZCI6MTU5LCJ1cmwiOiJodHRwczpcL1wvaHRvbGVkby5jbFwvd3AtY29udGVudFwvdXBsb2Fkc1wvMjAyMVwvMDlcL2h5ZHJhdWxpay11bmQtZ2VsYmVyLXRyYWt0b3ItZGVyLWtyYWZ0c3RvZmZhbmxhZ2UtMTAwNTc3MTQ1LTEuanBnIiwic2xpZGVzaG93IjoiNTFlMDRlNTYifQ%3D%3D\" href='https:\/\/htoledo.cl\/wp-content\/uploads\/2021\/09\/hydraulik-und-gelber-traktor-der-kraftstoffanlage-100577145-1.jpg'><img loading=\"lazy\" decoding=\"async\" width=\"200\" height=\"300\" src=\"https:\/\/htoledo.cl\/wp-content\/uploads\/2021\/09\/hydraulik-und-gelber-traktor-der-kraftstoffanlage-100577145-1-200x300.jpg\" class=\"attachment-medium size-medium\" alt=\"\" srcset=\"https:\/\/htoledo.cl\/wp-content\/uploads\/2021\/09\/hydraulik-und-gelber-traktor-der-kraftstoffanlage-100577145-1-200x300.jpg 200w, https:\/\/htoledo.cl\/wp-content\/uploads\/2021\/09\/hydraulik-und-gelber-traktor-der-kraftstoffanlage-100577145-1.jpg 600w\" sizes=\"(max-width: 200px) 100vw, 200px\" style=\"width:100%;height:150%;max-width:600px;\" \/><\/a>\n\t\t\t<\/div><\/figure><figure class='gallery-item'>\n\t\t\t<div class='gallery-icon portrait'>\n\t\t\t\t<a data-elementor-open-lightbox=\"yes\" data-elementor-lightbox-slideshow=\"51e04e56\" data-elementor-lightbox-title=\"smart\" data-e-action-hash=\"#elementor-action%3Aaction%3Dlightbox%26settings%3DeyJpZCI6MTYwLCJ1cmwiOiJodHRwczpcL1wvaHRvbGVkby5jbFwvd3AtY29udGVudFwvdXBsb2Fkc1wvMjAyMVwvMDlcL0lNR18yMDIxMDUxOV8xMDAzMDUtMi1zY2FsZWQuanBnIiwic2xpZGVzaG93IjoiNTFlMDRlNTYifQ%3D%3D\" href='https:\/\/htoledo.cl\/wp-content\/uploads\/2021\/09\/IMG_20210519_100305-2-scaled.jpg'><img loading=\"lazy\" decoding=\"async\" width=\"225\" height=\"300\" src=\"https:\/\/htoledo.cl\/wp-content\/uploads\/2021\/09\/IMG_20210519_100305-2-225x300.jpg\" class=\"attachment-medium size-medium\" alt=\"\" srcset=\"https:\/\/htoledo.cl\/wp-content\/uploads\/2021\/09\/IMG_20210519_100305-2-225x300.jpg 225w, https:\/\/htoledo.cl\/wp-content\/uploads\/2021\/09\/IMG_20210519_100305-2-768x1024.jpg 768w, https:\/\/htoledo.cl\/wp-content\/uploads\/2021\/09\/IMG_20210519_100305-2-1152x1536.jpg 1152w, https:\/\/htoledo.cl\/wp-content\/uploads\/2021\/09\/IMG_20210519_100305-2-1536x2048.jpg 1536w, https:\/\/htoledo.cl\/wp-content\/uploads\/2021\/09\/IMG_20210519_100305-2-1568x2091.jpg 1568w, https:\/\/htoledo.cl\/wp-content\/uploads\/2021\/09\/IMG_20210519_100305-2-scaled.jpg 1920w\" sizes=\"(max-width: 225px) 100vw, 225px\" style=\"width:100%;height:133.33%;max-width:1920px;\" \/><\/a>\n\t\t\t<\/div><\/figure><figure class='gallery-item'>\n\t\t\t<div class='gallery-icon portrait'>\n\t\t\t\t<a data-elementor-open-lightbox=\"yes\" data-elementor-lightbox-slideshow=\"51e04e56\" data-elementor-lightbox-title=\"cilindros-hidraulicos-de-niveladora-01\" data-e-action-hash=\"#elementor-action%3Aaction%3Dlightbox%26settings%3DeyJpZCI6MTU2LCJ1cmwiOiJodHRwczpcL1wvaHRvbGVkby5jbFwvd3AtY29udGVudFwvdXBsb2Fkc1wvMjAyMVwvMDlcL2NpbGluZHJvcy1oaWRyYXVsaWNvcy1kZS1uaXZlbGFkb3JhLTAxLTEuanBnIiwic2xpZGVzaG93IjoiNTFlMDRlNTYifQ%3D%3D\" href='https:\/\/htoledo.cl\/wp-content\/uploads\/2021\/09\/cilindros-hidraulicos-de-niveladora-01-1.jpg'><img loading=\"lazy\" decoding=\"async\" width=\"272\" height=\"300\" src=\"https:\/\/htoledo.cl\/wp-content\/uploads\/2021\/09\/cilindros-hidraulicos-de-niveladora-01-1-272x300.jpg\" class=\"attachment-medium size-medium\" alt=\"\" srcset=\"https:\/\/htoledo.cl\/wp-content\/uploads\/2021\/09\/cilindros-hidraulicos-de-niveladora-01-1-272x300.jpg 272w, https:\/\/htoledo.cl\/wp-content\/uploads\/2021\/09\/cilindros-hidraulicos-de-niveladora-01-1-929x1024.jpg 929w, https:\/\/htoledo.cl\/wp-content\/uploads\/2021\/09\/cilindros-hidraulicos-de-niveladora-01-1-768x846.jpg 768w, https:\/\/htoledo.cl\/wp-content\/uploads\/2021\/09\/cilindros-hidraulicos-de-niveladora-01-1.jpg 1000w\" sizes=\"(max-width: 272px) 100vw, 272px\" style=\"width:100%;height:110.2%;max-width:1000px;\" \/><\/a>\n\t\t\t<\/div><\/figure>\n\t\t<\/div>\n\t\t<\/div>\n\t\t\t\t\t\t<\/div>\n\t\t\t\t<\/div>\n\t\t\t\t\t<\/div>\n\t\t<\/div>\n\t\t\t\t\t<\/div>\n\t\t<\/section>\n\t\t\t\t<section class=\"elementor-section elementor-top-section elementor-element elementor-element-eb35777 elementor-section-content-middle elementor-section-boxed elementor-section-height-default elementor-section-height-default\" data-id=\"eb35777\" data-element_type=\"section\">\n\t\t\t\t\t\t<div class=\"elementor-container elementor-column-gap-no\">\n\t\t\t\t\t<div class=\"elementor-column elementor-col-100 elementor-top-column elementor-element elementor-element-2ae2fdb\" data-id=\"2ae2fdb\" data-element_type=\"column\">\n\t\t\t<div class=\"elementor-widget-wrap elementor-element-populated\">\n\t\t\t\t\t\t<div class=\"elementor-element elementor-element-968492a elementor-widget elementor-widget-heading\" data-id=\"968492a\" data-element_type=\"widget\" data-widget_type=\"heading.default\">\n\t\t\t\t<div class=\"elementor-widget-container\">\n\t\t\t\t\t<h4 class=\"elementor-heading-title elementor-size-default\">Fabricaci\u00f3n de Flexibles Hidr\u00e1ulicos<\/h4>\t\t\t\t<\/div>\n\t\t\t\t<\/div>\n\t\t\t\t<div class=\"elementor-element elementor-element-f0d555d gallery-spacing-custom elementor-widget elementor-widget-image-gallery\" data-id=\"f0d555d\" data-element_type=\"widget\" data-widget_type=\"image-gallery.default\">\n\t\t\t\t<div class=\"elementor-widget-container\">\n\t\t\t\t\t\t\t<div class=\"elementor-image-gallery\">\n\t\t\t<div id='gallery-2' class='gallery galleryid-12 gallery-columns-3 gallery-size-medium'><figure class='gallery-item'>\n\t\t\t<div class='gallery-icon landscape'>\n\t\t\t\t<a data-elementor-open-lightbox=\"yes\" data-elementor-lightbox-slideshow=\"f0d555d\" data-elementor-lightbox-title=\"split-img1\" data-e-action-hash=\"#elementor-action%3Aaction%3Dlightbox%26settings%3DeyJpZCI6MTg4LCJ1cmwiOiJodHRwczpcL1wvaHRvbGVkby5jbFwvd3AtY29udGVudFwvdXBsb2Fkc1wvMjAyMVwvMDlcL3NwbGl0LWltZzEtMS5qcGciLCJzbGlkZXNob3ciOiJmMGQ1NTVkIn0%3D\" href='https:\/\/htoledo.cl\/wp-content\/uploads\/2021\/09\/split-img1-1.jpg'><img loading=\"lazy\" decoding=\"async\" width=\"300\" height=\"201\" src=\"https:\/\/htoledo.cl\/wp-content\/uploads\/2021\/09\/split-img1-1-300x201.jpg\" class=\"attachment-medium size-medium\" alt=\"\" srcset=\"https:\/\/htoledo.cl\/wp-content\/uploads\/2021\/09\/split-img1-1-300x201.jpg 300w, https:\/\/htoledo.cl\/wp-content\/uploads\/2021\/09\/split-img1-1-768x515.jpg 768w, https:\/\/htoledo.cl\/wp-content\/uploads\/2021\/09\/split-img1-1.jpg 967w\" sizes=\"(max-width: 300px) 100vw, 300px\" style=\"width:100%;height:67.01%;max-width:967px;\" \/><\/a>\n\t\t\t<\/div><\/figure><figure class='gallery-item'>\n\t\t\t<div class='gallery-icon landscape'>\n\t\t\t\t<a data-elementor-open-lightbox=\"yes\" data-elementor-lightbox-slideshow=\"f0d555d\" data-elementor-lightbox-title=\"conectores-mangueras\" data-e-action-hash=\"#elementor-action%3Aaction%3Dlightbox%26settings%3DeyJpZCI6MTg0LCJ1cmwiOiJodHRwczpcL1wvaHRvbGVkby5jbFwvd3AtY29udGVudFwvdXBsb2Fkc1wvMjAyMVwvMDlcL2NvbmVjdG9yZXMtbWFuZ3VlcmFzLTIuanBnIiwic2xpZGVzaG93IjoiZjBkNTU1ZCJ9\" href='https:\/\/htoledo.cl\/wp-content\/uploads\/2021\/09\/conectores-mangueras-2.jpg'><img loading=\"lazy\" decoding=\"async\" width=\"300\" height=\"200\" src=\"https:\/\/htoledo.cl\/wp-content\/uploads\/2021\/09\/conectores-mangueras-2-300x200.jpg\" class=\"attachment-medium size-medium\" alt=\"\" srcset=\"https:\/\/htoledo.cl\/wp-content\/uploads\/2021\/09\/conectores-mangueras-2-300x200.jpg 300w, https:\/\/htoledo.cl\/wp-content\/uploads\/2021\/09\/conectores-mangueras-2-1024x683.jpg 1024w, https:\/\/htoledo.cl\/wp-content\/uploads\/2021\/09\/conectores-mangueras-2-768x512.jpg 768w, https:\/\/htoledo.cl\/wp-content\/uploads\/2021\/09\/conectores-mangueras-2.jpg 1200w\" sizes=\"(max-width: 300px) 100vw, 300px\" style=\"width:100%;height:66.67%;max-width:1200px;\" \/><\/a>\n\t\t\t<\/div><\/figure><figure class='gallery-item'>\n\t\t\t<div class='gallery-icon landscape'>\n\t\t\t\t<a data-elementor-open-lightbox=\"yes\" data-elementor-lightbox-slideshow=\"f0d555d\" data-elementor-lightbox-title=\"dialisis-motores-hidraulicos\" data-e-action-hash=\"#elementor-action%3Aaction%3Dlightbox%26settings%3DeyJpZCI6MTg1LCJ1cmwiOiJodHRwczpcL1wvaHRvbGVkby5jbFwvd3AtY29udGVudFwvdXBsb2Fkc1wvMjAyMVwvMDlcL2RpYWxpc2lzLW1vdG9yZXMtaGlkcmF1bGljb3MtMS5qcGciLCJzbGlkZXNob3ciOiJmMGQ1NTVkIn0%3D\" href='https:\/\/htoledo.cl\/wp-content\/uploads\/2021\/09\/dialisis-motores-hidraulicos-1.jpg'><img loading=\"lazy\" decoding=\"async\" width=\"300\" height=\"200\" src=\"https:\/\/htoledo.cl\/wp-content\/uploads\/2021\/09\/dialisis-motores-hidraulicos-1-300x200.jpg\" class=\"attachment-medium size-medium\" alt=\"\" srcset=\"https:\/\/htoledo.cl\/wp-content\/uploads\/2021\/09\/dialisis-motores-hidraulicos-1-300x200.jpg 300w, https:\/\/htoledo.cl\/wp-content\/uploads\/2021\/09\/dialisis-motores-hidraulicos-1-768x511.jpg 768w, https:\/\/htoledo.cl\/wp-content\/uploads\/2021\/09\/dialisis-motores-hidraulicos-1.jpg 800w\" sizes=\"(max-width: 300px) 100vw, 300px\" style=\"width:100%;height:66.5%;max-width:800px;\" \/><\/a>\n\t\t\t<\/div><\/figure><figure class='gallery-item'>\n\t\t\t<div class='gallery-icon portrait'>\n\t\t\t\t<a data-elementor-open-lightbox=\"yes\" data-elementor-lightbox-slideshow=\"f0d555d\" data-elementor-lightbox-title=\"20180130_122814-768x1024\" data-e-action-hash=\"#elementor-action%3Aaction%3Dlightbox%26settings%3DeyJpZCI6MTgzLCJ1cmwiOiJodHRwczpcL1wvaHRvbGVkby5jbFwvd3AtY29udGVudFwvdXBsb2Fkc1wvMjAyMVwvMDlcLzIwMTgwMTMwXzEyMjgxNC03Njh4MTAyNC0yLmpwZyIsInNsaWRlc2hvdyI6ImYwZDU1NWQifQ%3D%3D\" href='https:\/\/htoledo.cl\/wp-content\/uploads\/2021\/09\/20180130_122814-768x1024-2.jpg'><img loading=\"lazy\" decoding=\"async\" width=\"225\" height=\"300\" src=\"https:\/\/htoledo.cl\/wp-content\/uploads\/2021\/09\/20180130_122814-768x1024-2-225x300.jpg\" class=\"attachment-medium size-medium\" alt=\"\" srcset=\"https:\/\/htoledo.cl\/wp-content\/uploads\/2021\/09\/20180130_122814-768x1024-2-225x300.jpg 225w, https:\/\/htoledo.cl\/wp-content\/uploads\/2021\/09\/20180130_122814-768x1024-2.jpg 768w\" sizes=\"(max-width: 225px) 100vw, 225px\" style=\"width:100%;height:133.33%;max-width:768px;\" \/><\/a>\n\t\t\t<\/div><\/figure><figure class='gallery-item'>\n\t\t\t<div class='gallery-icon portrait'>\n\t\t\t\t<a data-elementor-open-lightbox=\"yes\" data-elementor-lightbox-slideshow=\"f0d555d\" data-elementor-lightbox-title=\"Used-Cat-312-Crawler-Excavator-Caterpillar-Excavator-312D-Digger\" data-e-action-hash=\"#elementor-action%3Aaction%3Dlightbox%26settings%3DeyJpZCI6MTg5LCJ1cmwiOiJodHRwczpcL1wvaHRvbGVkby5jbFwvd3AtY29udGVudFwvdXBsb2Fkc1wvMjAyMVwvMDlcL1VzZWQtQ2F0LTMxMi1DcmF3bGVyLUV4Y2F2YXRvci1DYXRlcnBpbGxhci1FeGNhdmF0b3ItMzEyRC1EaWdnZXItMS5qcGciLCJzbGlkZXNob3ciOiJmMGQ1NTVkIn0%3D\" href='https:\/\/htoledo.cl\/wp-content\/uploads\/2021\/09\/Used-Cat-312-Crawler-Excavator-Caterpillar-Excavator-312D-Digger-1.jpg'><img loading=\"lazy\" decoding=\"async\" width=\"225\" height=\"300\" src=\"https:\/\/htoledo.cl\/wp-content\/uploads\/2021\/09\/Used-Cat-312-Crawler-Excavator-Caterpillar-Excavator-312D-Digger-1-225x300.jpg\" class=\"attachment-medium size-medium\" alt=\"\" srcset=\"https:\/\/htoledo.cl\/wp-content\/uploads\/2021\/09\/Used-Cat-312-Crawler-Excavator-Caterpillar-Excavator-312D-Digger-1-225x300.jpg 225w, https:\/\/htoledo.cl\/wp-content\/uploads\/2021\/09\/Used-Cat-312-Crawler-Excavator-Caterpillar-Excavator-312D-Digger-1.jpg 412w\" sizes=\"(max-width: 225px) 100vw, 225px\" style=\"width:100%;height:133.5%;max-width:412px;\" \/><\/a>\n\t\t\t<\/div><\/figure><figure class='gallery-item'>\n\t\t\t<div class='gallery-icon portrait'>\n\t\t\t\t<a data-elementor-open-lightbox=\"yes\" data-elementor-lightbox-slideshow=\"f0d555d\" data-elementor-lightbox-title=\"XML-C10328868\" data-e-action-hash=\"#elementor-action%3Aaction%3Dlightbox%26settings%3DeyJpZCI6MTkwLCJ1cmwiOiJodHRwczpcL1wvaHRvbGVkby5jbFwvd3AtY29udGVudFwvdXBsb2Fkc1wvMjAyMVwvMDlcL1hNTC1DMTAzMjg4NjgtMS5qcGciLCJzbGlkZXNob3ciOiJmMGQ1NTVkIn0%3D\" href='https:\/\/htoledo.cl\/wp-content\/uploads\/2021\/09\/XML-C10328868-1.jpg'><img loading=\"lazy\" decoding=\"async\" width=\"200\" height=\"300\" src=\"https:\/\/htoledo.cl\/wp-content\/uploads\/2021\/09\/XML-C10328868-1-200x300.jpg\" class=\"attachment-medium size-medium\" alt=\"\" srcset=\"https:\/\/htoledo.cl\/wp-content\/uploads\/2021\/09\/XML-C10328868-1-200x300.jpg 200w, https:\/\/htoledo.cl\/wp-content\/uploads\/2021\/09\/XML-C10328868-1-683x1024.jpg 683w, https:\/\/htoledo.cl\/wp-content\/uploads\/2021\/09\/XML-C10328868-1-768x1152.jpg 768w, https:\/\/htoledo.cl\/wp-content\/uploads\/2021\/09\/XML-C10328868-1.jpg 800w\" sizes=\"(max-width: 200px) 100vw, 200px\" style=\"width:100%;height:150%;max-width:800px;\" \/><\/a>\n\t\t\t<\/div><\/figure>\n\t\t<\/div>\n\t\t<\/div>\n\t\t\t\t\t\t<\/div>\n\t\t\t\t<\/div>\n\t\t\t\t\t<\/div>\n\t\t<\/div>\n\t\t\t\t\t<\/div>\n\t\t<\/section>\n\t\t\t\t<section class=\"elementor-section elementor-top-section elementor-element elementor-element-6287fbd1 elementor-section-boxed elementor-section-height-default elementor-section-height-default\" data-id=\"6287fbd1\" data-element_type=\"section\" data-settings=\"{&quot;background_background&quot;:&quot;classic&quot;,&quot;shape_divider_top&quot;:&quot;mountains&quot;}\">\n\t\t\t\t\t\t\t<div class=\"elementor-background-overlay\"><\/div>\n\t\t\t\t\t\t<div class=\"elementor-shape elementor-shape-top\" aria-hidden=\"true\" data-negative=\"false\">\n\t\t\t<svg xmlns=\"http:\/\/www.w3.org\/2000\/svg\" viewBox=\"0 0 1000 100\" preserveAspectRatio=\"none\">\n\t<path class=\"elementor-shape-fill\" opacity=\"0.33\" d=\"M473,67.3c-203.9,88.3-263.1-34-320.3,0C66,119.1,0,59.7,0,59.7V0h1000v59.7 c0,0-62.1,26.1-94.9,29.3c-32.8,3.3-62.8-12.3-75.8-22.1C806,49.6,745.3,8.7,694.9,4.7S492.4,59,473,67.3z\"\/>\n\t<path class=\"elementor-shape-fill\" opacity=\"0.66\" d=\"M734,67.3c-45.5,0-77.2-23.2-129.1-39.1c-28.6-8.7-150.3-10.1-254,39.1 s-91.7-34.4-149.2,0C115.7,118.3,0,39.8,0,39.8V0h1000v36.5c0,0-28.2-18.5-92.1-18.5C810.2,18.1,775.7,67.3,734,67.3z\"\/>\n\t<path class=\"elementor-shape-fill\" d=\"M766.1,28.9c-200-57.5-266,65.5-395.1,19.5C242,1.8,242,5.4,184.8,20.6C128,35.8,132.3,44.9,89.9,52.5C28.6,63.7,0,0,0,0 h1000c0,0-9.9,40.9-83.6,48.1S829.6,47,766.1,28.9z\"\/>\n<\/svg>\t\t<\/div>\n\t\t\t\t\t<div class=\"elementor-container elementor-column-gap-default\">\n\t\t\t\t\t<div class=\"elementor-column elementor-col-100 elementor-top-column elementor-element elementor-element-1794cfa7\" data-id=\"1794cfa7\" data-element_type=\"column\">\n\t\t\t<div class=\"elementor-widget-wrap elementor-element-populated\">\n\t\t\t\t\t\t<div class=\"elementor-element elementor-element-112fd61e elementor-widget elementor-widget-heading\" data-id=\"112fd61e\" data-element_type=\"widget\" data-widget_type=\"heading.default\">\n\t\t\t\t<div class=\"elementor-widget-container\">\n\t\t\t\t\t<h3 class=\"elementor-heading-title elementor-size-default\">Avenida Argentina #3452 <br>Calama - II Regi\u00f3n<br>\n+56 552540198 - \nMovil +569 96233579<\/h3>\t\t\t\t<\/div>\n\t\t\t\t<\/div>\n\t\t\t\t\t<\/div>\n\t\t<\/div>\n\t\t\t\t\t<\/div>\n\t\t<\/section>\n\t\t\t\t<\/div>\n\t\t","protected":false},"excerpt":{"rendered":"<p>Una de nuestras mayores ventajas como HIDR\u00c1ULICA TOLEDO, es que podemos atender sus necesidades en el momento que sea y con la urgencia que requiera, ya que contamos con una maestranza moderna y eficiente que est\u00e1 disponible. Reparaci\u00f3n de Cilindros Hidr\u00e1ulicos Fabricaci\u00f3n de Flexibles Hidr\u00e1ulicos Avenida Argentina #3452 Calama &#8211; II Regi\u00f3n +56 552540198 &#8211;&hellip; <a class=\"more-link\" href=\"https:\/\/htoledo.cl\/\">Seguir leyendo <span class=\"screen-reader-text\">index<\/span><\/a><\/p>\n","protected":false},"author":1,"featured_media":0,"parent":0,"menu_order":0,"comment_status":"closed","ping_status":"closed","template":"elementor_canvas","meta":{"footnotes":""},"class_list":["post-12","page","type-page","status-publish","hentry","entry"],"_links":{"self":[{"href":"https:\/\/htoledo.cl\/index.php\/wp-json\/wp\/v2\/pages\/12","targetHints":{"allow":["GET"]}}],"collection":[{"href":"https:\/\/htoledo.cl\/index.php\/wp-json\/wp\/v2\/pages"}],"about":[{"href":"https:\/\/htoledo.cl\/index.php\/wp-json\/wp\/v2\/types\/page"}],"author":[{"embeddable":true,"href":"https:\/\/htoledo.cl\/index.php\/wp-json\/wp\/v2\/users\/1"}],"replies":[{"embeddable":true,"href":"https:\/\/htoledo.cl\/index.php\/wp-json\/wp\/v2\/comments?post=12"}],"version-history":[{"count":97,"href":"https:\/\/htoledo.cl\/index.php\/wp-json\/wp\/v2\/pages\/12\/revisions"}],"predecessor-version":[{"id":222,"href":"https:\/\/htoledo.cl\/index.php\/wp-json\/wp\/v2\/pages\/12\/revisions\/222"}],"wp:attachment":[{"href":"https:\/\/htoledo.cl\/index.php\/wp-json\/wp\/v2\/media?parent=12"}],"curies":[{"name":"wp","href":"https:\/\/api.w.org\/{rel}","templated":true}]}}